{"id":477,"date":"2025-05-25T08:49:37","date_gmt":"2025-05-25T06:49:37","guid":{"rendered":"https:\/\/ensihoitoalanliitto.fi\/?page_id=477"},"modified":"2025-08-27T13:58:16","modified_gmt":"2025-08-27T11:58:16","slug":"liity-jaseneksi","status":"publish","type":"page","link":"https:\/\/ensihoitoalanliitto.fi\/?page_id=477","title":{"rendered":"Liity j\u00e4seneksi"},"content":{"rendered":"\t\t<div data-elementor-type=\"wp-page\" data-elementor-id=\"477\" class=\"elementor elementor-477\" data-elementor-post-type=\"page\">\n\t\t\t\t<div class=\"elementor-element elementor-element-affff12 e-flex e-con-boxed e-con e-parent\" data-id=\"affff12\" data-element_type=\"container\" data-e-type=\"container\">\n\t\t\t\t\t<div class=\"e-con-inner\">\n\t\t\t\t<div class=\"elementor-element elementor-element-8bc9fdb elementor-widget elementor-widget-spacer\" data-id=\"8bc9fdb\" data-element_type=\"widget\" data-e-type=\"widget\" data-widget_type=\"spacer.default\">\n\t\t\t\t<div class=\"elementor-widget-container\">\n\t\t\t\t\t\t\t<div class=\"elementor-spacer\">\n\t\t\t<div class=\"elementor-spacer-inner\"><\/div>\n\t\t<\/div>\n\t\t\t\t\t\t<\/div>\n\t\t\t\t<\/div>\n\t\t\t\t\t<\/div>\n\t\t\t\t<\/div>\n\t\t<div class=\"elementor-element elementor-element-2e0b1d80 e-flex e-con-boxed e-con e-parent\" data-id=\"2e0b1d80\" data-element_type=\"container\" data-e-type=\"container\" data-settings=\"{&quot;background_background&quot;:&quot;classic&quot;}\">\n\t\t\t\t\t<div class=\"e-con-inner\">\n\t\t\t\t<div class=\"elementor-element elementor-element-5c967932 elementor-widget elementor-widget-heading\" data-id=\"5c967932\" data-element_type=\"widget\" data-e-type=\"widget\" data-widget_type=\"heading.default\">\n\t\t\t\t<div class=\"elementor-widget-container\">\n\t\t\t\t\t<h2 class=\"elementor-heading-title elementor-size-default\">Miksi liitty\u00e4 Suomen Ensihoitoalan Liittoon?<\/h2>\t\t\t\t<\/div>\n\t\t\t\t<\/div>\n\t\t\t\t<div class=\"elementor-element elementor-element-41f1d58 elementor-widget elementor-widget-text-editor\" data-id=\"41f1d58\" data-element_type=\"widget\" data-e-type=\"widget\" data-widget_type=\"text-editor.default\">\n\t\t\t\t<div class=\"elementor-widget-container\">\n\t\t\t\t\t\t\t\t\t<p data-start=\"179\" data-end=\"399\"><strong data-start=\"179\" data-end=\"217\">Suomen Ensihoitoalan Liitto (SEHL)<\/strong> on ensi- ja akuuttihoidon ammattilaisten oma edunvalvontaj\u00e4rjest\u00f6. Me teemme ty\u00f6t\u00e4 sen eteen, ett\u00e4 sin\u00e4 voit tehd\u00e4 omaasi \u2013 turvallisesti, arvostetusti ja ammattitaitosi mukaisesti.<\/p>\n<p data-start=\"401\" data-end=\"717\">Liitto vaikuttaa aktiivisesti ty\u00f6oloihin ja toimintaedellytyksiin sek\u00e4 tuo alan \u00e4\u00e4nen kuuluviin yhteiskunnallisessa keskustelussa. V\u00e4lit\u00e4mme kent\u00e4n viestin p\u00e4\u00e4tt\u00e4jille sek\u00e4 paikallisesti ett\u00e4 valtakunnallisesti. Osallistumme lausuntoihin, vaikuttamiseen ja lainvalmisteluun \u2013 jotta ensihoidon \u00e4\u00e4ni ei j\u00e4\u00e4 kuulematta.<\/p>\n<p data-start=\"719\" data-end=\"873\">J\u00e4senemme ovat toimintamme syd\u00e4n. Ilman teit\u00e4 ei ole liittoa. Vain yhdess\u00e4 voimme puolustaa ensihoidon ammattilaisten asemaa ja kehittymismahdollisuuksia.<\/p>\n<p data-start=\"719\" data-end=\"873\">Liiton j\u00e4seniksi voivat liitty\u00e4 kaikki akuuttihoidossa tai ensihoitoalalla ty\u00f6skentelev\u00e4t&nbsp;terveydenhuollon ammattihenkil\u00f6t tai terveydenhuollon ammattihenkil\u00f6ksi opiskelevat henkil\u00f6t. J\u00e4seniksi voivat liitty\u00e4 muussa ty\u00f6ss\u00e4 olevat tai ansioty\u00f6st\u00e4 poissaolevat em. koulutuksen saaneet henkil\u00f6t. Liiton j\u00e4sen voi my\u00f6s kuulua toiseen yhteisty\u00f6j\u00e4sen- tai muuhun j\u00e4rjest\u00f6\u00f6n.<\/p>\t\t\t\t\t\t\t\t<\/div>\n\t\t\t\t<\/div>\n\t\t\t\t\t<\/div>\n\t\t\t\t<\/div>\n\t\t<div class=\"elementor-element elementor-element-71c340a5 e-flex e-con-boxed e-con e-parent\" data-id=\"71c340a5\" data-element_type=\"container\" data-e-type=\"container\" data-settings=\"{&quot;background_background&quot;:&quot;classic&quot;}\">\n\t\t\t\t\t<div class=\"e-con-inner\">\n\t\t\t\t<div class=\"elementor-element elementor-element-fcf1e2b elementor-widget elementor-widget-text-editor\" data-id=\"fcf1e2b\" data-element_type=\"widget\" data-e-type=\"widget\" data-widget_type=\"text-editor.default\">\n\t\t\t\t<div class=\"elementor-widget-container\">\n\t\t\t\t\t\t\t\t\t<p data-start=\"1206\" data-end=\"1228\"><strong>\u00a0J\u00e4senyys ja maksut<\/strong><\/p><ul data-start=\"1230\" data-end=\"1433\"><li data-start=\"1230\" data-end=\"1267\"><p data-start=\"1232\" data-end=\"1267\">Varsinainen j\u00e4sen: 42 \u20ac\/vuosi<\/p><\/li><li data-start=\"1268\" data-end=\"1302\"><p data-start=\"1270\" data-end=\"1302\">Kannatusj\u00e4sen: 150 \u20ac\/vuosi<\/p><\/li><li data-start=\"1303\" data-end=\"1372\"><p data-start=\"1305\" data-end=\"1372\">Opiskelijat: Ilmainen j\u00e4senyys valmistumisvuoden loppuun asti<\/p><\/li><li data-start=\"1373\" data-end=\"1433\"><p data-start=\"1375\" data-end=\"1433\">El\u00e4kel\u00e4iset ja kunniaj\u00e4senet: Vapautettu j\u00e4senmaksusta<\/p><\/li><\/ul>\t\t\t\t\t\t\t\t<\/div>\n\t\t\t\t<\/div>\n\t\t\t\t<div class=\"elementor-element elementor-element-bb1649d elementor-widget__width-initial elementor-widget elementor-widget-text-editor\" data-id=\"bb1649d\" data-element_type=\"widget\" data-e-type=\"widget\" data-widget_type=\"text-editor.default\">\n\t\t\t\t<div class=\"elementor-widget-container\">\n\t\t\t\t\t\t\t\t\t<p style=\"font-weight: 400;\"><strong>Liity ja saa:<\/strong><\/p><ul style=\"font-weight: 400;\"><li>Ammatillista tukea ja neuvontaa ty\u00f6el\u00e4m\u00e4n kysymyksiin.<\/li><li>Paikallisyhdistysten ja hallituksen j\u00e4senten apua kent\u00e4ll\u00e4.<\/li><li>Mahdollisuuden vaikuttaa alan tulevaisuuteen.<\/li><li>Stay and play peli kaikille j\u00e4senille k\u00e4ytt\u00f6\u00f6n.<\/li><li>Webinaarit.<\/li><li>Tunteen siit\u00e4, ett\u00e4 et ole yksin \u2013 olet osa joukkoa, jolla on merkitys.<\/li><li>Pelastustiedon koko verkkosis\u00e4lt\u00f6 9,90 euroa \/ 3kk ja sen j\u00e4lkeen 6,90 euroa \/ kk. P\u00e4\u00e4set lukemaan verkkojuttujen lis\u00e4ksi uusimmat n\u00e4k\u00f6islehdet sek\u00e4 digiarkiston vuodesta 1950 alkaen.<\/li><\/ul>\t\t\t\t\t\t\t\t<\/div>\n\t\t\t\t<\/div>\n\t\t<div class=\"elementor-element elementor-element-3cd1ab97 e-con-full e-flex e-con e-child\" data-id=\"3cd1ab97\" data-element_type=\"container\" data-e-type=\"container\">\n\t\t\t\t<div class=\"elementor-element elementor-element-75ab0a9 elementor-widget elementor-widget-image\" data-id=\"75ab0a9\" data-element_type=\"widget\" data-e-type=\"widget\" data-widget_type=\"image.default\">\n\t\t\t\t<div class=\"elementor-widget-container\">\n\t\t\t\t\t\t\t\t\t\t\t\t\t\t\t<img fetchpriority=\"high\" decoding=\"async\" width=\"1024\" height=\"1024\" src=\"https:\/\/ensihoitoalanliitto.fi\/wp-content\/uploads\/2025\/05\/liity1.webp\" class=\"attachment-large size-large wp-image-479\" alt=\"\" srcset=\"https:\/\/ensihoitoalanliitto.fi\/wp-content\/uploads\/2025\/05\/liity1.webp 1024w, https:\/\/ensihoitoalanliitto.fi\/wp-content\/uploads\/2025\/05\/liity1-300x300.webp 300w, https:\/\/ensihoitoalanliitto.fi\/wp-content\/uploads\/2025\/05\/liity1-150x150.webp 150w, https:\/\/ensihoitoalanliitto.fi\/wp-content\/uploads\/2025\/05\/liity1-768x768.webp 768w\" sizes=\"(max-width: 1024px) 100vw, 1024px\" \/>\t\t\t\t\t\t\t\t\t\t\t\t\t\t\t<\/div>\n\t\t\t\t<\/div>\n\t\t\t\t<\/div>\n\t\t\t\t\t<\/div>\n\t\t\t\t<\/div>\n\t\t<div class=\"elementor-element elementor-element-34033a80 e-con-full e-flex e-con e-parent\" data-id=\"34033a80\" data-element_type=\"container\" data-e-type=\"container\" data-settings=\"{&quot;background_background&quot;:&quot;classic&quot;}\">\n\t\t\t\t<div class=\"elementor-element elementor-element-5b1d11f4 elementor-align-center elementor-widget elementor-widget-button\" data-id=\"5b1d11f4\" data-element_type=\"widget\" data-e-type=\"widget\" data-widget_type=\"button.default\">\n\t\t\t\t<div class=\"elementor-widget-container\">\n\t\t\t\t\t\t\t\t\t<div class=\"elementor-button-wrapper\">\n\t\t\t\t\t<a class=\"elementor-button elementor-button-link elementor-size-sm elementor-animation-grow\" href=\"https:\/\/www.liittyminen.fi\/Liittymislomake_SEHL\">\n\t\t\t\t\t\t<span class=\"elementor-button-content-wrapper\">\n\t\t\t\t\t\t<span class=\"elementor-button-icon\">\n\t\t\t\t<svg aria-hidden=\"true\" class=\"e-font-icon-svg e-far-arrow-alt-circle-right\" viewBox=\"0 0 512 512\" xmlns=\"http:\/\/www.w3.org\/2000\/svg\"><path d=\"M504 256C504 119 393 8 256 8S8 119 8 256s111 248 248 248 248-111 248-248zm-448 0c0-110.5 89.5-200 200-200s200 89.5 200 200-89.5 200-200 200S56 366.5 56 256zm72 20v-40c0-6.6 5.4-12 12-12h116v-67c0-10.7 12.9-16 20.5-8.5l99 99c4.7 4.7 4.7 12.3 0 17l-99 99c-7.6 7.6-20.5 2.2-20.5-8.5v-67H140c-6.6 0-12-5.4-12-12z\"><\/path><\/svg>\t\t\t<\/span>\n\t\t\t\t\t\t\t\t\t<span class=\"elementor-button-text\">liity j\u00e4seneksi<\/span>\n\t\t\t\t\t<\/span>\n\t\t\t\t\t<\/a>\n\t\t\t\t<\/div>\n\t\t\t\t\t\t\t\t<\/div>\n\t\t\t\t<\/div>\n\t\t\t\t<\/div>\n\t\t<div class=\"elementor-element elementor-element-b6ee310 e-flex e-con-boxed e-con e-parent\" data-id=\"b6ee310\" data-element_type=\"container\" data-e-type=\"container\">\n\t\t\t\t\t<div class=\"e-con-inner\">\n\t\t\t\t<div class=\"elementor-element elementor-element-3d004f2 elementor-widget elementor-widget-spacer\" data-id=\"3d004f2\" data-element_type=\"widget\" data-e-type=\"widget\" data-widget_type=\"spacer.default\">\n\t\t\t\t<div class=\"elementor-widget-container\">\n\t\t\t\t\t\t\t<div class=\"elementor-spacer\">\n\t\t\t<div class=\"elementor-spacer-inner\"><\/div>\n\t\t<\/div>\n\t\t\t\t\t\t<\/div>\n\t\t\t\t<\/div>\n\t\t\t\t\t<\/div>\n\t\t\t\t<\/div>\n\t\t<div class=\"elementor-element elementor-element-00c620b e-flex e-con-boxed e-con e-parent\" data-id=\"00c620b\" data-element_type=\"container\" data-e-type=\"container\" data-settings=\"{&quot;background_background&quot;:&quot;classic&quot;}\">\n\t\t\t\t\t<div class=\"e-con-inner\">\n\t\t\t\t<div class=\"elementor-element elementor-element-05ea6f0 elementor-widget elementor-widget-text-editor\" data-id=\"05ea6f0\" data-element_type=\"widget\" data-e-type=\"widget\" data-widget_type=\"text-editor.default\">\n\t\t\t\t<div class=\"elementor-widget-container\">\n\t\t\t\t\t\t\t\t\t<p>Perusopiskelijat (1. ammatillinen tutkinto) ja terveydenhuollon jatko-opiskelijat ovat vapautettuja j\u00e4senmaksusta valmistumisvuoden loppuun saakka. El\u00e4kel\u00e4iset ja kunniaj\u00e4senet ovat vapautettuja j\u00e4senmaksusta.<\/p>\t\t\t\t\t\t\t\t<\/div>\n\t\t\t\t<\/div>\n\t\t\t\t\t<\/div>\n\t\t\t\t<\/div>\n\t\t\t\t<\/div>\n\t\t","protected":false},"excerpt":{"rendered":"<p>Miksi liitty\u00e4 Suomen Ensihoitoalan Liittoon? Suomen Ensihoitoalan Liitto (SEHL) on ensi- ja akuuttihoidon ammattilaisten oma edunvalvontaj\u00e4rjest\u00f6. Me teemme ty\u00f6t\u00e4 sen [&hellip;]<\/p>\n","protected":false},"author":1,"featured_media":0,"parent":0,"menu_order":0,"comment_status":"closed","ping_status":"closed","template":"","meta":{"site-sidebar-layout":"no-sidebar","site-content-layout":"","ast-site-content-layout":"full-width-container","site-content-style":"default","site-sidebar-style":"default","ast-global-header-display":"","ast-banner-title-visibility":"","ast-main-header-display":"","ast-hfb-above-header-display":"","ast-hfb-below-header-display":"","ast-hfb-mobile-header-display":"","site-post-title":"disabled","ast-breadcrumbs-content":"","ast-featured-img":"disabled","footer-sml-layout":"","ast-disable-related-posts":"","theme-transparent-header-meta":"","adv-header-id-meta":"","stick-header-meta":"","header-above-stick-meta":"","header-main-stick-meta":"","header-below-stick-meta":"","astra-migrate-meta-layouts":"default","ast-page-background-enabled":"default","ast-page-background-meta":{"desktop":{"background-color":"var(--ast-global-color-5)","background-image":"","background-repeat":"repeat","background-position":"center center","background-size":"auto","background-attachment":"scroll","background-type":"","background-media":"","overlay-type":"","overlay-color":"","overlay-opacity":"","overlay-gradient":""},"tablet":{"background-color":"","background-image":"","background-repeat":"repeat","background-position":"center center","background-size":"auto","background-attachment":"scroll","background-type":"","background-media":"","overlay-type":"","overlay-color":"","overlay-opacity":"","overlay-gradient":""},"mobile":{"background-color":"","background-image":"","background-repeat":"repeat","background-position":"center center","background-size":"auto","background-attachment":"scroll","background-type":"","background-media":"","overlay-type":"","overlay-color":"","overlay-opacity":"","overlay-gradient":""}},"ast-content-background-meta":{"desktop":{"background-color":"var(--ast-global-color-4)","background-image":"","background-repeat":"repeat","background-position":"center center","background-size":"auto","background-attachment":"scroll","background-type":"","background-media":"","overlay-type":"","overlay-color":"","overlay-opacity":"","overlay-gradient":""},"tablet":{"background-color":"var(--ast-global-color-4)","background-image":"","background-repeat":"repeat","background-position":"center center","background-size":"auto","background-attachment":"scroll","background-type":"","background-media":"","overlay-type":"","overlay-color":"","overlay-opacity":"","overlay-gradient":""},"mobile":{"background-color":"var(--ast-global-color-4)","background-image":"","background-repeat":"repeat","background-position":"center center","background-size":"auto","background-attachment":"scroll","background-type":"","background-media":"","overlay-type":"","overlay-color":"","overlay-opacity":"","overlay-gradient":""}},"footnotes":""},"class_list":["post-477","page","type-page","status-publish","hentry"],"_links":{"self":[{"href":"https:\/\/ensihoitoalanliitto.fi\/index.php?rest_route=\/wp\/v2\/pages\/477","targetHints":{"allow":["GET"]}}],"collection":[{"href":"https:\/\/ensihoitoalanliitto.fi\/index.php?rest_route=\/wp\/v2\/pages"}],"about":[{"href":"https:\/\/ensihoitoalanliitto.fi\/index.php?rest_route=\/wp\/v2\/types\/page"}],"author":[{"embeddable":true,"href":"https:\/\/ensihoitoalanliitto.fi\/index.php?rest_route=\/wp\/v2\/users\/1"}],"replies":[{"embeddable":true,"href":"https:\/\/ensihoitoalanliitto.fi\/index.php?rest_route=%2Fwp%2Fv2%2Fcomments&post=477"}],"version-history":[{"count":31,"href":"https:\/\/ensihoitoalanliitto.fi\/index.php?rest_route=\/wp\/v2\/pages\/477\/revisions"}],"predecessor-version":[{"id":828,"href":"https:\/\/ensihoitoalanliitto.fi\/index.php?rest_route=\/wp\/v2\/pages\/477\/revisions\/828"}],"wp:attachment":[{"href":"https:\/\/ensihoitoalanliitto.fi\/index.php?rest_route=%2Fwp%2Fv2%2Fmedia&parent=477"}],"curies":[{"name":"wp","href":"https:\/\/api.w.org\/{rel}","templated":true}]}}