{"id":510,"date":"2025-05-25T10:33:58","date_gmt":"2025-05-25T08:33:58","guid":{"rendered":"https:\/\/ensihoitoalanliitto.fi\/?page_id=510"},"modified":"2026-01-16T09:46:03","modified_gmt":"2026-01-16T07:46:03","slug":"tapahtumat","status":"publish","type":"page","link":"https:\/\/ensihoitoalanliitto.fi\/?page_id=510","title":{"rendered":"Tapahtumat"},"content":{"rendered":"\t\t<div data-elementor-type=\"wp-page\" data-elementor-id=\"510\" class=\"elementor elementor-510\" data-elementor-post-type=\"page\">\n\t\t\t\t<div class=\"elementor-element elementor-element-84aa284 e-flex e-con-boxed e-con e-parent\" data-id=\"84aa284\" data-element_type=\"container\" data-e-type=\"container\">\n\t\t\t\t\t<div class=\"e-con-inner\">\n\t\t\t\t<div class=\"elementor-element elementor-element-2adb8e1 elementor-widget elementor-widget-spacer\" data-id=\"2adb8e1\" data-element_type=\"widget\" data-e-type=\"widget\" data-widget_type=\"spacer.default\">\n\t\t\t\t<div class=\"elementor-widget-container\">\n\t\t\t\t\t\t\t<div class=\"elementor-spacer\">\n\t\t\t<div class=\"elementor-spacer-inner\"><\/div>\n\t\t<\/div>\n\t\t\t\t\t\t<\/div>\n\t\t\t\t<\/div>\n\t\t\t\t\t<\/div>\n\t\t\t\t<\/div>\n\t\t<div class=\"elementor-element elementor-element-2f6d9feb e-flex e-con-boxed e-con e-parent\" data-id=\"2f6d9feb\" data-element_type=\"container\" data-e-type=\"container\" data-settings=\"{&quot;background_background&quot;:&quot;classic&quot;}\">\n\t\t\t\t\t<div class=\"e-con-inner\">\n\t\t\t\t<div class=\"elementor-element elementor-element-71fda66b elementor-widget elementor-widget-heading\" data-id=\"71fda66b\" data-element_type=\"widget\" data-e-type=\"widget\" data-widget_type=\"heading.default\">\n\t\t\t\t<div class=\"elementor-widget-container\">\n\t\t\t\t\t<h2 class=\"elementor-heading-title elementor-size-default\">webinaarit 2026<\/h2>\t\t\t\t<\/div>\n\t\t\t\t<\/div>\n\t\t\t\t\t<\/div>\n\t\t\t\t<\/div>\n\t\t<div class=\"elementor-element elementor-element-ff21f4d e-flex e-con-boxed e-con e-parent\" data-id=\"ff21f4d\" data-element_type=\"container\" data-e-type=\"container\">\n\t\t\t\t\t<div class=\"e-con-inner\">\n\t\t\t\t<div class=\"elementor-element elementor-element-fd5798d elementor-widget elementor-widget-text-editor\" data-id=\"fd5798d\" data-element_type=\"widget\" data-e-type=\"widget\" data-widget_type=\"text-editor.default\">\n\t\t\t\t<div class=\"elementor-widget-container\">\n\t\t\t\t\t\t\t\t\t<div class=\"x_elementToProof\" data-olk-copy-source=\"MessageBody\"><div class=\"x_elementToProof\"><i data-olk-copy-source=\"MessageBody\">Suomen Ensihoitoalan liitto j\u00e4rjest\u00e4\u00e4 j\u00e4senist\u00f6lleen aktiivisesti koulutusta ilta-aikaan painottuvilla webinaarimuotoisilla koulutuksilla. Webinaarit pyrit\u00e4\u00e4n j\u00e4rjest\u00e4m\u00e4\u00e4n n. 2 kuukauden v\u00e4lein.\u00a0<\/i><\/div><div>\u00a0<\/div><div class=\"x_elementToProof\"><i>Aiheet ja ajankohdat p\u00e4ivitet\u00e4\u00e4n n\u00e4ille sivuille ja linkki webinaariin l\u00e4hetet\u00e4\u00e4n aina j\u00e4senviestin yhteydess\u00e4 1- 2 viikkoa ennen tapahtumaa. Webinaarit ovat j\u00e4senist\u00f6lle maksuttomia ja niiss\u00e4 k\u00e4ytet\u00e4\u00e4n teams- yhteytt\u00e4.\u00a0<\/i><\/div><div>\u00a0<\/div><div class=\"x_elementToProof\"><i>Suosittelemme my\u00f6s tarkastamaan roskaposti asetukset, j\u00e4senist\u00f6lle l\u00e4hett\u00e4v\u00e4t uutiskirjeet menev\u00e4t usein roskapostiin.\u00a0<\/i><\/div><div>\u00a0<\/div><div class=\"x_elementToProof\"><i>Otamme my\u00f6s ilomielin vastaan j\u00e4senist\u00f6n toiveita webinaarien aiheista ja pit\u00e4jist\u00e4 &#8211; n\u00e4ist\u00e4 voit l\u00e4hesty\u00e4 s\u00e4hk\u00f6postilla osoitteeseen nikki.kotilainen@sehl.fi<\/i><\/div><div>\u00a0<\/div><div><strong>Vuoden 2026 WEBINAARIT<\/strong><\/div><div>\u00a0<\/div><div><p>28.1. Klo:18.00. Psykiatrisen potilaan kohtaaminen ensi-ja akuuttihoidossa. Pirita Susi<\/p><p>Maaliskuu Vko 11-12 (Aika tarkentuu) Ensihoitoa erityistilanteessa. Ilkka Pulkkinen<\/p><p>Toukokuu ja elokuu (Aika ja aihe tarkentuu)<\/p><\/div><div><span data-olk-copy-source=\"MessageBody\">\u00a0<\/span><\/div><\/div><div>\u00a0<\/div><div>\u00a0<\/div>\t\t\t\t\t\t\t\t<\/div>\n\t\t\t\t<\/div>\n\t\t\t\t\t<\/div>\n\t\t\t\t<\/div>\n\t\t\t\t<\/div>\n\t\t","protected":false},"excerpt":{"rendered":"<p>webinaarit 2026 Suomen Ensihoitoalan liitto j\u00e4rjest\u00e4\u00e4 j\u00e4senist\u00f6lleen aktiivisesti koulutusta ilta-aikaan painottuvilla webinaarimuotoisilla koulutuksilla. Webinaarit pyrit\u00e4\u00e4n j\u00e4rjest\u00e4m\u00e4\u00e4n n. 2 kuukauden v\u00e4lein.\u00a0\u00a0Aiheet [&hellip;]<\/p>\n","protected":false},"author":1,"featured_media":0,"parent":0,"menu_order":0,"comment_status":"closed","ping_status":"closed","template":"","meta":{"site-sidebar-layout":"no-sidebar","site-content-layout":"","ast-site-content-layout":"full-width-container","site-content-style":"default","site-sidebar-style":"default","ast-global-header-display":"","ast-banner-title-visibility":"","ast-main-header-display":"","ast-hfb-above-header-display":"","ast-hfb-below-header-display":"","ast-hfb-mobile-header-display":"","site-post-title":"disabled","ast-breadcrumbs-content":"","ast-featured-img":"disabled","footer-sml-layout":"","ast-disable-related-posts":"","theme-transparent-header-meta":"","adv-header-id-meta":"","stick-header-meta":"","header-above-stick-meta":"","header-main-stick-meta":"","header-below-stick-meta":"","astra-migrate-meta-layouts":"default","ast-page-background-enabled":"default","ast-page-background-meta":{"desktop":{"background-color":"var(--ast-global-color-5)","background-image":"","background-repeat":"repeat","background-position":"center center","background-size":"auto","background-attachment":"scroll","background-type":"","background-media":"","overlay-type":"","overlay-color":"","overlay-opacity":"","overlay-gradient":""},"tablet":{"background-color":"","background-image":"","background-repeat":"repeat","background-position":"center center","background-size":"auto","background-attachment":"scroll","background-type":"","background-media":"","overlay-type":"","overlay-color":"","overlay-opacity":"","overlay-gradient":""},"mobile":{"background-color":"","background-image":"","background-repeat":"repeat","background-position":"center center","background-size":"auto","background-attachment":"scroll","background-type":"","background-media":"","overlay-type":"","overlay-color":"","overlay-opacity":"","overlay-gradient":""}},"ast-content-background-meta":{"desktop":{"background-color":"var(--ast-global-color-4)","background-image":"","background-repeat":"repeat","background-position":"center center","background-size":"auto","background-attachment":"scroll","background-type":"","background-media":"","overlay-type":"","overlay-color":"","overlay-opacity":"","overlay-gradient":""},"tablet":{"background-color":"var(--ast-global-color-4)","background-image":"","background-repeat":"repeat","background-position":"center center","background-size":"auto","background-attachment":"scroll","background-type":"","background-media":"","overlay-type":"","overlay-color":"","overlay-opacity":"","overlay-gradient":""},"mobile":{"background-color":"var(--ast-global-color-4)","background-image":"","background-repeat":"repeat","background-position":"center center","background-size":"auto","background-attachment":"scroll","background-type":"","background-media":"","overlay-type":"","overlay-color":"","overlay-opacity":"","overlay-gradient":""}},"footnotes":""},"class_list":["post-510","page","type-page","status-publish","hentry"],"_links":{"self":[{"href":"https:\/\/ensihoitoalanliitto.fi\/index.php?rest_route=\/wp\/v2\/pages\/510","targetHints":{"allow":["GET"]}}],"collection":[{"href":"https:\/\/ensihoitoalanliitto.fi\/index.php?rest_route=\/wp\/v2\/pages"}],"about":[{"href":"https:\/\/ensihoitoalanliitto.fi\/index.php?rest_route=\/wp\/v2\/types\/page"}],"author":[{"embeddable":true,"href":"https:\/\/ensihoitoalanliitto.fi\/index.php?rest_route=\/wp\/v2\/users\/1"}],"replies":[{"embeddable":true,"href":"https:\/\/ensihoitoalanliitto.fi\/index.php?rest_route=%2Fwp%2Fv2%2Fcomments&post=510"}],"version-history":[{"count":43,"href":"https:\/\/ensihoitoalanliitto.fi\/index.php?rest_route=\/wp\/v2\/pages\/510\/revisions"}],"predecessor-version":[{"id":889,"href":"https:\/\/ensihoitoalanliitto.fi\/index.php?rest_route=\/wp\/v2\/pages\/510\/revisions\/889"}],"wp:attachment":[{"href":"https:\/\/ensihoitoalanliitto.fi\/index.php?rest_route=%2Fwp%2Fv2%2Fmedia&parent=510"}],"curies":[{"name":"wp","href":"https:\/\/api.w.org\/{rel}","templated":true}]}}