{"id":748,"date":"2025-06-02T17:48:22","date_gmt":"2025-06-02T15:48:22","guid":{"rendered":"https:\/\/ensihoitoalanliitto.fi\/?page_id=748"},"modified":"2025-06-02T17:48:50","modified_gmt":"2025-06-02T15:48:50","slug":"immobilisaatio","status":"publish","type":"page","link":"https:\/\/ensihoitoalanliitto.fi\/?page_id=748","title":{"rendered":"Immobilisaatio"},"content":{"rendered":"\t\t<div data-elementor-type=\"wp-page\" data-elementor-id=\"748\" class=\"elementor elementor-748\" data-elementor-post-type=\"page\">\n\t\t\t\t<div class=\"elementor-element elementor-element-648cda7c e-flex e-con-boxed e-con e-parent\" data-id=\"648cda7c\" data-element_type=\"container\" data-e-type=\"container\">\n\t\t\t\t\t<div class=\"e-con-inner\">\n\t\t\t\t<div class=\"elementor-element elementor-element-72a49f9d elementor-widget elementor-widget-spacer\" data-id=\"72a49f9d\" data-element_type=\"widget\" data-e-type=\"widget\" data-widget_type=\"spacer.default\">\n\t\t\t\t<div class=\"elementor-widget-container\">\n\t\t\t\t\t\t\t<div class=\"elementor-spacer\">\n\t\t\t<div class=\"elementor-spacer-inner\"><\/div>\n\t\t<\/div>\n\t\t\t\t\t\t<\/div>\n\t\t\t\t<\/div>\n\t\t\t\t\t<\/div>\n\t\t\t\t<\/div>\n\t\t<div class=\"elementor-element elementor-element-759df407 e-flex e-con-boxed e-con e-parent\" data-id=\"759df407\" data-element_type=\"container\" data-e-type=\"container\" data-settings=\"{&quot;background_background&quot;:&quot;classic&quot;}\">\n\t\t\t\t\t<div class=\"e-con-inner\">\n\t\t\t\t<div class=\"elementor-element elementor-element-432854b7 elementor-widget elementor-widget-heading\" data-id=\"432854b7\" data-element_type=\"widget\" data-e-type=\"widget\" data-widget_type=\"heading.default\">\n\t\t\t\t<div class=\"elementor-widget-container\">\n\t\t\t\t\t<h2 class=\"elementor-heading-title elementor-size-default\">immobilisaatio<\/h2>\t\t\t\t<\/div>\n\t\t\t\t<\/div>\n\t\t\t\t<div class=\"elementor-element elementor-element-77769b1d elementor-widget elementor-widget-text-editor\" data-id=\"77769b1d\" data-element_type=\"widget\" data-e-type=\"widget\" data-widget_type=\"text-editor.default\">\n\t\t\t\t<div class=\"elementor-widget-container\">\n\t\t\t\t\t\t\t\t\t<p data-start=\"152\" data-end=\"542\">Immobilisaatiohoito ja l\u00e4\u00e4kint\u00e4vahtimestarien ty\u00f6 on ollut osa SEHL:in toimintaa liiton alusta alkaen. Liitto perustettiin alunperin Suomen l\u00e4\u00e4kint\u00e4vahtimestarien yhdistykseksi, jonka j\u00e4lkeen sairaankuljetus ja my\u00f6hemmin ensihoito tulivat mukaan sen toiminnan osaksi.<\/p>\t\t\t\t\t\t\t\t<\/div>\n\t\t\t\t<\/div>\n\t\t\t\t\t<\/div>\n\t\t\t\t<\/div>\n\t\t<div class=\"elementor-element elementor-element-6e86a14b e-flex e-con-boxed e-con e-parent\" data-id=\"6e86a14b\" data-element_type=\"container\" data-e-type=\"container\" data-settings=\"{&quot;background_background&quot;:&quot;classic&quot;}\">\n\t\t\t\t\t<div class=\"e-con-inner\">\n\t\t\t\t<div class=\"elementor-element elementor-element-6e1b8de6 elementor-widget elementor-widget-spacer\" data-id=\"6e1b8de6\" data-element_type=\"widget\" data-e-type=\"widget\" data-widget_type=\"spacer.default\">\n\t\t\t\t<div class=\"elementor-widget-container\">\n\t\t\t\t\t\t\t<div class=\"elementor-spacer\">\n\t\t\t<div class=\"elementor-spacer-inner\"><\/div>\n\t\t<\/div>\n\t\t\t\t\t\t<\/div>\n\t\t\t\t<\/div>\n\t\t\t\t\t<\/div>\n\t\t\t\t<\/div>\n\t\t<div class=\"elementor-element elementor-element-52c881f3 e-flex e-con-boxed e-con e-parent\" data-id=\"52c881f3\" data-element_type=\"container\" data-e-type=\"container\" data-settings=\"{&quot;background_background&quot;:&quot;classic&quot;}\">\n\t\t\t\t\t<div class=\"e-con-inner\">\n\t\t\t\t<div class=\"elementor-element elementor-element-f3de575 elementor-widget elementor-widget-heading\" data-id=\"f3de575\" data-element_type=\"widget\" data-e-type=\"widget\" data-widget_type=\"heading.default\">\n\t\t\t\t<div class=\"elementor-widget-container\">\n\t\t\t\t\t<h2 class=\"elementor-heading-title elementor-size-default\">Immobilisaatiohoidon erityisp\u00e4tevyys<\/h2>\t\t\t\t<\/div>\n\t\t\t\t<\/div>\n\t\t\t\t<div class=\"elementor-element elementor-element-7b006200 elementor-widget elementor-widget-text-editor\" data-id=\"7b006200\" data-element_type=\"widget\" data-e-type=\"widget\" data-widget_type=\"text-editor.default\">\n\t\t\t\t<div class=\"elementor-widget-container\">\n\t\t\t\t\t\t\t\t\t<p>Terveydenhuoltoalan perustutkinnon suoritettuaan moni liittomme j\u00e4sen on kartuttanut omaa osaamistaan immobilisaatiohoidon alueella. Ammattitutkinto ja erikoisammattitutkinto ovat n\u00e4ist\u00e4 esimerkkein\u00e4. J\u00e4senist\u00f6mme on tehnyt my\u00f6s erilaista julkaisu-, tutkimus- ja koulutustoimintaa. Jotta t\u00e4m\u00e4 lis\u00e4p\u00e4tev\u00f6ityminen voitaisiin huomioida palkkauksessa ja niin horisontaalisessa kuin vertikaalisessakin ty\u00f6uralla etenemisess\u00e4, on liittomme j\u00e4senkokouksessa 2010 hyv\u00e4ksytty otettavaksi k\u00e4ytt\u00f6\u00f6n <strong>immobilisaatiohoidon erityisp\u00e4tevyysj\u00e4rjestelm\u00e4<\/strong>.<\/p><p>Immobilisaatiohoidon erityisp\u00e4tevyytt\u00e4 voi anoa immobilisaatiohoidon ammattilainen, jolla on vahva kliininen osaaminen, ty\u00f6el\u00e4m\u00e4l\u00e4ht\u00f6inen asiantuntijuus sek\u00e4 hyv\u00e4 immobilisaatiohoidon teoreettinen hallinta. Nimikkeen my\u00f6nt\u00e4\u00e4 toimikunta, joka koostuu SEHL:n asiantuntijoista, Tehyn erityisp\u00e4tevyysj\u00e4rjestelmien edustustuksesta, ortopedian sek\u00e4 opetusalan asiantuntijoista.<\/p><p class=\"fusion-responsive-typography-calculated\" data-fontsize=\"17\" data-lineheight=\"25.5px\"><strong>Immobilisaatiohoidon erityisp\u00e4tevyyden anominen:<\/strong><\/p><ul><li>Vuosittain haku tammikuussa<\/li><li>Hakemuksen k\u00e4sittelymaksu on 120 euroa, joka maksetaan SEHLin tilille (FI50 8000 1700 9471 47)<\/li><li>Hakijalla on terveydenhuoltoalan laillistettu tai nimikesuojattu tutkinto<\/li><li>Hakijan tulee olla Tehyn ja SEHL:n j\u00e4sen<\/li><li>SEHL:n j\u00e4senyyden tulee olla kest\u00e4nyt v\u00e4hint\u00e4\u00e4n edelt\u00e4v\u00e4t kaksi vuotta ja j\u00e4senmaksujen tulee olla maksettu<\/li><li>Perustutkinnon j\u00e4lkeen ty\u00f6kokemusta on kertynyt v\u00e4hint\u00e4\u00e4n viisi vuotta kliinisest\u00e4 ty\u00f6st\u00e4, joista v\u00e4hint\u00e4\u00e4n kolme vuotta edelt\u00e4v\u00e4n viiden vuoden aikana immobilisaatiohoidosta<\/li><li>Hakijan tulee osoittaa ammatillisessa portfoliossa n\u00e4yt\u00f6t kolmelta arvioitavalta osa-alueelta: koulutus, ty\u00f6kokemus ja muu toiminta. Jokaisen osa-alueen minimipistem\u00e4\u00e4r\u00e4n tulee t\u00e4ytty\u00e4, hyv\u00e4ksytyn anomuksen minimipistem\u00e4\u00e4r\u00e4 on kokonaisuudessaan 200 pistett\u00e4<\/li><\/ul><p>Erityisp\u00e4tevyyden my\u00f6nt\u00e4misen edellytykset ja arviointikriteerit l\u00f6ytyv\u00e4t <a href=\"https:\/\/www.tehy.fi\/fi\/system\/files\/mfiles\/julkaisu\/2015\/2015_f4_erityispatevyydet_tehylaisissa_ammattiryhmissa_id_1309.pdf\" target=\"_blank\" rel=\"noopener\">\u201dErityisp\u00e4tevyydet Tehyl\u00e4isiss\u00e4 ammattiryhmiss\u00e4\u201d<\/a> -oppaasta.<\/p><p>Voit ladata hakemuksen <a href=\"https:\/\/sehl.fi\/wp-content\/uploads\/2019\/05\/SEHL-Hakulomake-erit-p%C3%A4t.pdf\">t\u00e4st\u00e4<\/a>. Esimerkkiportfolio l\u00f6ytyy <a href=\"https:\/\/sehl.fi\/wp-content\/uploads\/2019\/05\/portfolio-esimerkki.png\" target=\"_blank\" rel=\"noopener\">t\u00e4\u00e4lt\u00e4<\/a><\/p><p>Hakijan tulee toimittaa hakemus liitteineen s\u00e4hk\u00f6isesti. Tarvittavat liitteet: Ammatillinen portfolio, tutkinto- ja ty\u00f6todistusj\u00e4ljenn\u00f6kset sek\u00e4 k\u00e4sittelymaksun kuitti.<\/p><p>Hakemus toimitetaan SEHL:n hallitukselle (toimisto@sehl.fi).<\/p>\t\t\t\t\t\t\t\t<\/div>\n\t\t\t\t<\/div>\n\t\t\t\t\t<\/div>\n\t\t\t\t<\/div>\n\t\t<div class=\"elementor-element elementor-element-43d7552 e-flex e-con-boxed e-con e-parent\" data-id=\"43d7552\" data-element_type=\"container\" data-e-type=\"container\">\n\t\t\t\t\t<div class=\"e-con-inner\">\n\t\t\t\t<div class=\"elementor-element elementor-element-3be661e elementor-widget elementor-widget-spacer\" data-id=\"3be661e\" data-element_type=\"widget\" data-e-type=\"widget\" data-widget_type=\"spacer.default\">\n\t\t\t\t<div class=\"elementor-widget-container\">\n\t\t\t\t\t\t\t<div class=\"elementor-spacer\">\n\t\t\t<div class=\"elementor-spacer-inner\"><\/div>\n\t\t<\/div>\n\t\t\t\t\t\t<\/div>\n\t\t\t\t<\/div>\n\t\t\t\t\t<\/div>\n\t\t\t\t<\/div>\n\t\t<div class=\"elementor-element elementor-element-ce6abe4 e-flex e-con-boxed e-con e-parent\" data-id=\"ce6abe4\" data-element_type=\"container\" data-e-type=\"container\" data-settings=\"{&quot;background_background&quot;:&quot;classic&quot;}\">\n\t\t\t\t\t<div class=\"e-con-inner\">\n\t\t\t\t<div class=\"elementor-element elementor-element-ac948e2 elementor-widget elementor-widget-heading\" data-id=\"ac948e2\" data-element_type=\"widget\" data-e-type=\"widget\" data-widget_type=\"heading.default\">\n\t\t\t\t<div class=\"elementor-widget-container\">\n\t\t\t\t\t<h2 class=\"elementor-heading-title elementor-size-default\">OPPILAITOKSET JOISTA KOULUTUKSISTA VOI TIEDUSTELLA<\/h2>\t\t\t\t<\/div>\n\t\t\t\t<\/div>\n\t\t\t\t\t<\/div>\n\t\t\t\t<\/div>\n\t\t<div class=\"elementor-element elementor-element-d733c8f e-flex e-con-boxed e-con e-parent\" data-id=\"d733c8f\" data-element_type=\"container\" data-e-type=\"container\">\n\t\t\t\t\t<div class=\"e-con-inner\">\n\t\t<div class=\"elementor-element elementor-element-b619753 e-con-full e-flex e-con e-child\" data-id=\"b619753\" data-element_type=\"container\" data-e-type=\"container\">\n\t\t\t\t<div class=\"elementor-element elementor-element-5aff8a8 elementor-widget elementor-widget-text-editor\" data-id=\"5aff8a8\" data-element_type=\"widget\" data-e-type=\"widget\" data-widget_type=\"text-editor.default\">\n\t\t\t\t<div class=\"elementor-widget-container\">\n\t\t\t\t\t\t\t\t\t<p><strong>Kipsimestarin erikoisammattitutkinto:<\/strong><\/p><p>-Savon ammattiopisto\u00a0 Kuopio<\/p><p>-Stadin ammattiopisto\u00a0 Helsinki<\/p><p>-Oulun seudun ammattiopisto\u00a0\u00a0 Oulu<\/p>\t\t\t\t\t\t\t\t<\/div>\n\t\t\t\t<\/div>\n\t\t\t\t<\/div>\n\t\t<div class=\"elementor-element elementor-element-08bb357 e-con-full e-flex e-con e-child\" data-id=\"08bb357\" data-element_type=\"container\" data-e-type=\"container\">\n\t\t\t\t<div class=\"elementor-element elementor-element-e1b0abd elementor-widget elementor-widget-text-editor\" data-id=\"e1b0abd\" data-element_type=\"widget\" data-e-type=\"widget\" data-widget_type=\"text-editor.default\">\n\t\t\t\t<div class=\"elementor-widget-container\">\n\t\t\t\t\t\t\t\t\t<p><strong>Kipsiteknikko<\/strong><\/p><p>-Savon ammattiopisto\u00a0 Kuopio<\/p><p>-Stadin ammattiopisto\u00a0 Helsinki<\/p><p>-Oulun seudun ammattiopisto\u00a0 Oulu<\/p>\t\t\t\t\t\t\t\t<\/div>\n\t\t\t\t<\/div>\n\t\t\t\t<\/div>\n\t\t\t\t\t<\/div>\n\t\t\t\t<\/div>\n\t\t<div class=\"elementor-element elementor-element-a755515 e-flex e-con-boxed e-con e-parent\" data-id=\"a755515\" data-element_type=\"container\" data-e-type=\"container\" data-settings=\"{&quot;background_background&quot;:&quot;classic&quot;}\">\n\t\t\t\t\t<div class=\"e-con-inner\">\n\t\t\t\t<div class=\"elementor-element elementor-element-4eb60db elementor-widget elementor-widget-spacer\" data-id=\"4eb60db\" data-element_type=\"widget\" data-e-type=\"widget\" data-widget_type=\"spacer.default\">\n\t\t\t\t<div class=\"elementor-widget-container\">\n\t\t\t\t\t\t\t<div class=\"elementor-spacer\">\n\t\t\t<div class=\"elementor-spacer-inner\"><\/div>\n\t\t<\/div>\n\t\t\t\t\t\t<\/div>\n\t\t\t\t<\/div>\n\t\t\t\t\t<\/div>\n\t\t\t\t<\/div>\n\t\t<div class=\"elementor-element elementor-element-bac587e e-flex e-con-boxed e-con e-parent\" data-id=\"bac587e\" data-element_type=\"container\" data-e-type=\"container\" data-settings=\"{&quot;background_background&quot;:&quot;classic&quot;}\">\n\t\t\t\t\t<div class=\"e-con-inner\">\n\t\t\t\t<div class=\"elementor-element elementor-element-c0a91fd elementor-widget elementor-widget-text-editor\" data-id=\"c0a91fd\" data-element_type=\"widget\" data-e-type=\"widget\" data-widget_type=\"text-editor.default\">\n\t\t\t\t<div class=\"elementor-widget-container\">\n\t\t\t\t\t\t\t\t\t<p>SEHL ry on j\u00e4rjest\u00e4nyt eri yritysten kanssa yhteisty\u00f6ss\u00e4 ep\u00e4virallisia kipsauksen SM-kilpailuja\u00a0opintop\u00e4ivien yhteydess\u00e4 vuodesta -96. Kilpailut k\u00e4yd\u00e4\u00e4n vuosittaisilla opintop\u00e4ivill\u00e4. Kis\u00e4llisarja lis\u00e4ttiin kilpailuun vuodesta 2012 alkaen.<\/p>\t\t\t\t\t\t\t\t<\/div>\n\t\t\t\t<\/div>\n\t\t\t\t\t<\/div>\n\t\t\t\t<\/div>\n\t\t<div class=\"elementor-element elementor-element-376a654 e-flex e-con-boxed e-con e-parent\" data-id=\"376a654\" data-element_type=\"container\" data-e-type=\"container\" data-settings=\"{&quot;background_background&quot;:&quot;classic&quot;}\">\n\t\t\t\t\t<div class=\"e-con-inner\">\n\t\t\t\t<div class=\"elementor-element elementor-element-145b091 elementor-widget elementor-widget-text-editor\" data-id=\"145b091\" data-element_type=\"widget\" data-e-type=\"widget\" data-widget_type=\"text-editor.default\">\n\t\t\t\t<div class=\"elementor-widget-container\">\n\t\t\t\t\t\t\t\t\t<table width=\"98%\"><tbody><tr><td><b>Vuosi<\/b><\/td><td><b>\u00a0 \u00a0Kipsauksen Suomenmestari<\/b><\/td><td>\u00a0<b>Kipsauksen Kis\u00e4lli<\/b><\/td><\/tr><tr><td><b>1996<\/b><\/td><td>\u00a0\u00a0 Pelimanni Timo<\/td><td>\u00a0\u2013<\/td><\/tr><tr><td><b>1997<\/b><\/td><td>\u00a0\u00a0 Kuisma Hannu<\/td><td>\u00a0\u2013<\/td><\/tr><tr><td><b>1998<\/b><\/td><td>\u00a0\u00a0 Pentik\u00e4inen Juha<\/td><td>\u00a0\u2013<\/td><\/tr><tr><td><b>1999\u00a0<\/b><\/td><td>\u00a0 \u00a0Fagerlund Sam<\/td><td>\u00a0\u2013<\/td><\/tr><tr><td><b>2000<\/b><\/td><td>\u00a0\u00a0 Katainen Jorma<\/td><td>\u00a0\u2013<\/td><\/tr><tr><td><b>2001<\/b><\/td><td>\u00a0\u00a0 Niiniviita Taija<\/td><td>\u00a0\u2013<\/td><\/tr><tr><td><b>2002<\/b><\/td><td>\u00a0\u00a0 Ei kilpailua<\/td><td>\u00a0\u2013<\/td><\/tr><tr><td><b>2003<\/b><\/td><td>\u00a0\u00a0 Katainen Jorma<\/td><td>\u00a0\u2013<\/td><\/tr><tr><td><b>2004<\/b><\/td><td>\u00a0\u00a0 Pentik\u00e4inen Juha<\/td><td>\u00a0\u2013<\/td><\/tr><tr><td><b>2005<\/b><\/td><td>\u00a0\u00a0 Sinivuori Tomi<\/td><td>\u00a0\u2013<\/td><\/tr><tr><td><b>2006<\/b><\/td><td>\u00a0\u00a0 Westersund Veikko<\/td><td>\u00a0\u2013<\/td><\/tr><tr><td><b>2007<\/b><\/td><td>\u00a0\u00a0 Suutari Jarmo<\/td><td>\u00a0\u2013<\/td><\/tr><tr><td><b>2008<\/b><\/td><td>\u00a0\u00a0 Ei kilpailua<\/td><td>\u00a0\u2013<\/td><\/tr><tr><td><b>2009<\/b><\/td><td>\u00a0\u00a0 Markkanen Osmo<\/td><td>\u00a0\u2013<\/td><\/tr><tr><td><b>2010<\/b><\/td><td>\u00a0\u00a0 Lindroos Michael<\/td><td>\u00a0\u2013<\/td><\/tr><tr><td><b>2011<\/b><\/td><td>\u00a0\u00a0 Hoffr\u00e9n Mika<\/td><td>\u00a0\u2013<\/td><\/tr><tr><td><b>2012<\/b><\/td><td>\u00a0\u00a0 Rinnankoski Matti<\/td><td>\u00a0Lepp\u00e4nen Jani<\/td><\/tr><tr><td><b>2013<\/b><\/td><td>\u00a0\u00a0 Parjanen Mauri<\/td><td>\u00a0Lepist\u00f6 Juha<\/td><\/tr><tr><td><b>2014<\/b><\/td><td>\u00a0\u00a0 Ei kilpailua<\/td><td>\u00a0Ei kilpailua<\/td><\/tr><tr><td><b>2015<\/b><\/td><td>\u00a0\u00a0 Ei kilpailua<\/td><td>\u00a0L\u00e4tti Mirjam<\/td><\/tr><tr><td><b>2016<\/b><\/td><td>\u00a0\u00a0 Lepp\u00e4nen Jani<\/td><td>\u00a0Katajainen Kirsi<\/td><\/tr><tr><td><b>2017<\/b><\/td><td>\u00a0 \u00a0Karlsson Tanja<\/td><td>\u00a0Harle Laura<\/td><\/tr><tr><td><b>2018\u00a0 \u00a0<\/b><\/td><td>\u00a0 \u00a0Haataja Antti<\/td><td>\u00a0Pihkala Aaro<\/td><\/tr><\/tbody><\/table><div class=\"fusion-sep-clear\"><p>Kipsikilpailuiden s\u00e4\u00e4nn\u00f6t (SEHL hallitus \/ 18.12.2016)<\/p><ul><li>Kilpailuoikeus on SEHL ry:n j\u00e4senill\u00e4<\/li><li>Opintop\u00e4iville osallistuvat voivat ilmoittautua kilpailuun opintop\u00e4ivien aikana, ennakkoilmoittautumista ei vaadita<\/li><li>Liiton j\u00e4sen voi osallistua maksutta kilpailuun my\u00f6s osallistumatta opintop\u00e4iville, mutta t\u00e4ll\u00f6in vaaditaan ennakkoilmoittautuminen liiton www-sivujen kautta. \u00a0J\u00e4sen voi osallistua kipsikilpailuun, muttei maksutta muuhun tapahtumaan. Tapahtuman infopisteell\u00e4 tarkistetaan kilpailijan SEHL ry:n j\u00e4senyys<\/li><li>J\u00e4senill\u00e4 on oikeus kilpailla kummassakin sarjassa, mutta vain toisessa ajankohtaan n\u00e4hden kerrallaan<\/li><li>SEHL ry:n hallituksen immobilisaatioty\u00f6ryhm\u00e4n j\u00e4senill\u00e4 on oikeus kilpailla mestarisarjassa, jos he eiv\u00e4t ole osallistuneet mestarisarjan kilpailukysymysten-\/ teht\u00e4v\u00e4n laadintaan<\/li><li>Kipsauksen kis\u00e4llisarjan ja kipsauksen mestarisarjan voittajilla ei ole oikeutta kilpailla seuraavana vuotena samassa sarjassa<\/li><li>Kis\u00e4llisarjan voittaja voi kilpailla mestarisarjassa<\/li><\/ul><p><b><strong>SARJAT:<\/strong><\/b><\/p><ul><li>Kipsauksen kis\u00e4llisarja (KIPSAUKSEN KIS\u00c4LLI)<\/li><li>Kipsauksen mestarisarja (KIPSAUKSEN SUOMENMESTARI, SM)<\/li><\/ul><p><b><strong>AJANKOHTA:<\/strong><\/b><\/p><ul><li>Kilpailut j\u00e4rjestet\u00e4\u00e4n p\u00e4\u00e4s\u00e4\u00e4nt\u00f6isesti opintop\u00e4ivien yhteydess\u00e4 yhden kerran vuodessa<\/li><li>Molemmat sarjat kilpaillaan eri- tai samanaikaisesti. Opintop\u00e4ivien ohjelmassa tulee huomioida kilpailut<\/li><\/ul><p><b><strong>KILPAILUNLAATIJAT:<\/strong><\/b><\/p><ul><li>SEHL ry:n hallituksen immobilisaatioty\u00f6ryhm\u00e4 toimii kilpailuiden p\u00e4\u00e4tuottajana molempien sarjojen kilpailuihin<\/li><li>Edellisen vuoden mestarisarjan voittajan osallistuminen teht\u00e4v\u00e4n laadintaan on suotavaa<\/li><li>Immobilisaatioty\u00f6ryhm\u00e4 voi teett\u00e4\u00e4 molempien sarjojen kilpailut riitt\u00e4v\u00e4n ty\u00f6kokemuksen omaavalla immobilisaatiohoidon ammattilaisella. T\u00e4ll\u00f6in kilpailuiden laatijalla on oikeus osallistua opintop\u00e4iville maksutta ja h\u00e4nen matkansa sek\u00e4 majoittuminen maksetaan SEHL ry:n toimesta<\/li><li>Immobilisaatioty\u00f6ryhm\u00e4 sovittaa hyviss\u00e4 ajoin kilpailun opintop\u00e4ivien muuhun ohjelmaan ja organisoi kipsausmateriaalit sek\u00e4 v\u00e4lineet kilpailupaikalle. Ty\u00f6ryhm\u00e4 laatii molempien sarjojen kilpailuihin ilmoittautumislistan, joka on esill\u00e4 opintop\u00e4ivien alusta l\u00e4htien SEHL ry:n infopisteell\u00e4<\/li><\/ul><p><b><strong>KILPAILUTEHT\u00c4V\u00c4T:<\/strong><\/b><\/p><ul><li>Molemmissa sarjoissa tulee olla:<ul><li>5-10 monivalintakysymyst\u00e4<\/li><li>Tarinaan tai potilaskertomukseen perustuva kipsausty\u00f6teht\u00e4v\u00e4<\/li><\/ul><\/li><\/ul><p><b><strong>TASO-OHJEISTUS:<\/strong><\/b><\/p><ul><li>Kipsauksen kis\u00e4llisarja (KIPSAUKSEN KIS\u00c4LLI) perustuu kipsausalan ammattitutkinnon (AT) perusteisiin<\/li><li>Kipsauksen mestarisarja (KIPSAUKSEN SUOMENMESTARI, SM) perustuu kipsimestarin erikoisammattitutkinnon (EAT) perusteisiin<\/li><\/ul><p><b><strong>KILPAILUN TUOMARIT:<\/strong><\/b><\/p><ul><li>Kilpailussa on v\u00e4hint\u00e4\u00e4n kaksi tuomaria (I ja II) ja tarvittaessa III-tuomari<\/li><li>Yhden tuomarin pit\u00e4\u00e4 olla immobilisaatio-ty\u00f6ryhm\u00e4st\u00e4 (I-tuomari)<\/li><li>II- ja III-tuomarin valitsee I-tuomari ja heill\u00e4 t\u00e4ytyy olla riitt\u00e4v\u00e4 kokemus immobilisaatiohoidosta<\/li><li>Kilpailua sponsoroivien immobilisaatiohoitoalan yritysten edustajia voidaan k\u00e4ytt\u00e4\u00e4 tuomaristossa, t\u00e4m\u00e4n valinnan tekee I-tuomari<\/li><\/ul><p><b><strong>KILPAILUN HYLK\u00c4YS:<\/strong><\/b><\/p><ul><li>Tuomaristo j\u00e4tt\u00e4\u00e4 itselleen oikeuden olla valitsematta voittajaa<\/li><li>Kilpailusarjan koko kilpailu voidaan hyl\u00e4t\u00e4 tuomarip\u00e4\u00e4t\u00f6ksell\u00e4. Kilpailusarja siirret\u00e4\u00e4n pidett\u00e4v\u00e4ksi seuraavana vuotena ja kiertopalkinnon voittajan kohdalle tulee kyseiselle vuodelle \u201d\u2013\u201d -merkint\u00e4<\/li><\/ul><p><b><strong>KILPAILUN VOITTAJA:<\/strong><\/b><\/p><ul><li>Tuomarit p\u00e4\u00e4tt\u00e4v\u00e4t voittajat<\/li><li>Monivalintakysymysten yhteispisteet ja numeraalinen pisteytys kipsausty\u00f6teht\u00e4v\u00e4st\u00e4 (1p.-5p.) muodostavat kokonaispisteytyksen<\/li><li>Voittaja on suurimman pistem\u00e4\u00e4r\u00e4n ker\u00e4nnyt<\/li><li>Kipsausty\u00f6teht\u00e4v\u00e4n tarkastamiskohdat:<ul><li>Potilaan kohtelu<\/li><li>Hoito-ohjeiden kertaaminen<\/li><li>Oikea raaja<\/li><li>Oikeat asennot- \/ mitat<\/li><li>Perustelu materiaalivalintaan<\/li><li>Sormien- \/varpaiden- ja vapaiden nivelten liikkuvuus<\/li><li>Kipsin- \/ortoosin reunojen viimeistely \/muotoilu<\/li><li>Kipsin- \/ ortoosin anatominen istuvuus<\/li><li>Kipsin- \/ ortoosin sis\u00e4lt\u00e4 tarkistaminen, sen poistamisen j\u00e4lkeen<\/li><\/ul><\/li><\/ul><p><b><strong>PALKINNOT:<\/strong><\/b><\/p><ul><li>Kipsauksen kis\u00e4llisarja (KIPSAUKSEN KIS\u00c4LLI)<ul><li>Kiertolautanen + henkil\u00f6kohtainen muisto; laatta, mitali tai vastaava<\/li><li>Henkil\u00f6kohtainen muisto toimitetaan voittajalle<\/li><li>Voittajalla on oikeus osallistua seuraaville kilpailu-opintop\u00e4iville ilman osallistumismaksua. Matkoja tai majoitusta ei korvata<\/li><\/ul><\/li><li>Kipsauksen mestarisarja (KIPSAUKSEN SUOMENMESTARI, SM)<ul><li>Kiertopokaali + henkil\u00f6kohtainen muisto; laatta, mitali tai vastaava<\/li><li>Henkil\u00f6kohtainen muisto toimitetaan voittajalle<\/li><li>Voittajalla on oikeus osallistua seuraaville kilpailu-opintop\u00e4iville ilman osallistumismaksua. Matkoja tai majoitusta ei korvata, mik\u00e4li h\u00e4n ei ole kilpailuiden laatija molempiin sarjoihin<\/li><\/ul><\/li><li>I-tuomarin teht\u00e4v\u00e4 on ottaa yl\u00f6s molempien sarjojen voittajien yhteystiedot<\/li><li>Noin kuukautta ennen uuden kilpailun ajankohtaa immobilisaatioty\u00f6ryhm\u00e4n j\u00e4sen ottaa yhteytt\u00e4 voittajiin ja sopii kiertopalkintojen palauttamisen immobilisaatioty\u00f6ryhm\u00e4lle. Kiertopalkinnot toimitetaan kilpailupaikalle immobilisaatioty\u00f6ryhm\u00e4n toimesta.<\/li><\/ul><\/div><div class=\"fusion-separator fusion-full-width-sep\">\u00a0<\/div>\t\t\t\t\t\t\t\t<\/div>\n\t\t\t\t<\/div>\n\t\t\t\t\t<\/div>\n\t\t\t\t<\/div>\n\t\t\t\t<\/div>\n\t\t","protected":false},"excerpt":{"rendered":"<p>immobilisaatio Immobilisaatiohoito ja l\u00e4\u00e4kint\u00e4vahtimestarien ty\u00f6 on ollut osa SEHL:in toimintaa liiton alusta alkaen. Liitto perustettiin alunperin Suomen l\u00e4\u00e4kint\u00e4vahtimestarien yhdistykseksi, jonka [&hellip;]<\/p>\n","protected":false},"author":1,"featured_media":0,"parent":0,"menu_order":0,"comment_status":"closed","ping_status":"closed","template":"","meta":{"site-sidebar-layout":"no-sidebar","site-content-layout":"","ast-site-content-layout":"full-width-container","site-content-style":"default","site-sidebar-style":"default","ast-global-header-display":"","ast-banner-title-visibility":"","ast-main-header-display":"","ast-hfb-above-header-display":"","ast-hfb-below-header-display":"","ast-hfb-mobile-header-display":"","site-post-title":"disabled","ast-breadcrumbs-content":"","ast-featured-img":"disabled","footer-sml-layout":"","ast-disable-related-posts":"","theme-transparent-header-meta":"","adv-header-id-meta":"","stick-header-meta":"","header-above-stick-meta":"","header-main-stick-meta":"","header-below-stick-meta":"","astra-migrate-meta-layouts":"default","ast-page-background-enabled":"default","ast-page-background-meta":{"desktop":{"background-color":"var(--ast-global-color-5)","background-image":"","background-repeat":"repeat","background-position":"center center","background-size":"auto","background-attachment":"scroll","background-type":"","background-media":"","overlay-type":"","overlay-color":"","overlay-opacity":"","overlay-gradient":""},"tablet":{"background-color":"","background-image":"","background-repeat":"repeat","background-position":"center center","background-size":"auto","background-attachment":"scroll","background-type":"","background-media":"","overlay-type":"","overlay-color":"","overlay-opacity":"","overlay-gradient":""},"mobile":{"background-color":"","background-image":"","background-repeat":"repeat","background-position":"center center","background-size":"auto","background-attachment":"scroll","background-type":"","background-media":"","overlay-type":"","overlay-color":"","overlay-opacity":"","overlay-gradient":""}},"ast-content-background-meta":{"desktop":{"background-color":"var(--ast-global-color-4)","background-image":"","background-repeat":"repeat","background-position":"center center","background-size":"auto","background-attachment":"scroll","background-type":"","background-media":"","overlay-type":"","overlay-color":"","overlay-opacity":"","overlay-gradient":""},"tablet":{"background-color":"var(--ast-global-color-4)","background-image":"","background-repeat":"repeat","background-position":"center center","background-size":"auto","background-attachment":"scroll","background-type":"","background-media":"","overlay-type":"","overlay-color":"","overlay-opacity":"","overlay-gradient":""},"mobile":{"background-color":"var(--ast-global-color-4)","background-image":"","background-repeat":"repeat","background-position":"center center","background-size":"auto","background-attachment":"scroll","background-type":"","background-media":"","overlay-type":"","overlay-color":"","overlay-opacity":"","overlay-gradient":""}},"footnotes":""},"class_list":["post-748","page","type-page","status-publish","hentry"],"_links":{"self":[{"href":"https:\/\/ensihoitoalanliitto.fi\/index.php?rest_route=\/wp\/v2\/pages\/748","targetHints":{"allow":["GET"]}}],"collection":[{"href":"https:\/\/ensihoitoalanliitto.fi\/index.php?rest_route=\/wp\/v2\/pages"}],"about":[{"href":"https:\/\/ensihoitoalanliitto.fi\/index.php?rest_route=\/wp\/v2\/types\/page"}],"author":[{"embeddable":true,"href":"https:\/\/ensihoitoalanliitto.fi\/index.php?rest_route=\/wp\/v2\/users\/1"}],"replies":[{"embeddable":true,"href":"https:\/\/ensihoitoalanliitto.fi\/index.php?rest_route=%2Fwp%2Fv2%2Fcomments&post=748"}],"version-history":[{"count":4,"href":"https:\/\/ensihoitoalanliitto.fi\/index.php?rest_route=\/wp\/v2\/pages\/748\/revisions"}],"predecessor-version":[{"id":752,"href":"https:\/\/ensihoitoalanliitto.fi\/index.php?rest_route=\/wp\/v2\/pages\/748\/revisions\/752"}],"wp:attachment":[{"href":"https:\/\/ensihoitoalanliitto.fi\/index.php?rest_route=%2Fwp%2Fv2%2Fmedia&parent=748"}],"curies":[{"name":"wp","href":"https:\/\/api.w.org\/{rel}","templated":true}]}}